{"id":2,"date":"2011-04-04T08:05:27","date_gmt":"2011-04-04T08:05:27","guid":{"rendered":"http:\/\/66.147.244.228\/~osamasal\/?page_id=2"},"modified":"2023-11-07T18:26:38","modified_gmt":"2023-11-07T21:26:38","slug":"about","status":"publish","type":"page","link":"https:\/\/www.osamasalti.com\/","title":{"rendered":""},"content":{"rendered":"\n<figure class=\"wp-block-image size-full is-resized\"><img loading=\"lazy\" decoding=\"async\" width=\"50\" height=\"60\" data-attachment-id=\"939\" data-permalink=\"https:\/\/www.osamasalti.com\/?attachment_id=939\" data-orig-file=\"https:\/\/www.osamasalti.com\/wp-content\/uploads\/2010\/10\/FINAL-LOGO1.gif\" data-orig-size=\"50,60\" data-comments-opened=\"1\" data-image-meta=\"{&quot;aperture&quot;:&quot;0&quot;,&quot;credit&quot;:&quot;&quot;,&quot;camera&quot;:&quot;&quot;,&quot;caption&quot;:&quot;&quot;,&quot;created_timestamp&quot;:&quot;0&quot;,&quot;copyright&quot;:&quot;&quot;,&quot;focal_length&quot;:&quot;0&quot;,&quot;iso&quot;:&quot;0&quot;,&quot;shutter_speed&quot;:&quot;0&quot;,&quot;title&quot;:&quot;&quot;}\" data-image-title=\"Osama-Salti-LOGO\" data-image-description=\"\" data-image-caption=\"\" data-medium-file=\"https:\/\/www.osamasalti.com\/wp-content\/uploads\/2010\/10\/FINAL-LOGO1.gif\" data-large-file=\"https:\/\/www.osamasalti.com\/wp-content\/uploads\/2010\/10\/FINAL-LOGO1.gif\" src=\"http:\/\/www.osamasalti.com\/wp-content\/uploads\/2010\/10\/FINAL-LOGO1.gif\" alt=\"\" class=\"wp-image-939\" style=\"aspect-ratio:0.8333333333333334;width:96px;height:auto\"\/><\/figure>\n\n\n\n<p><strong>Osama Salti&nbsp; _&nbsp;  cartoonist &#8211; architect&nbsp; &nbsp; <\/strong>_ Germany<\/p>\n\n\n\n<p><strong>\u0623\u0633\u0627\u0645\u0647 \u0627\u0644\u0633\u0644\u0637\u064a&nbsp; _&nbsp;  \u0643\u0627\u0631\u062a\u0648\u0646\u064a\u0633\u062a &#8211; \u0645\u0647\u0646\u062f\u0633 \u0645\u0639\u0645\u0627\u0631&nbsp; &nbsp; &nbsp;_<\/strong> \u0623\u0644\u0645\u0627\u0646\u064a\u0627<\/p>\n\n\n\n<p>&nbsp;Mail:&nbsp; &nbsp; &nbsp; osama&nbsp; &nbsp;@&nbsp; &nbsp;osamasalti&nbsp; &nbsp;.com<\/p>\n\n\n\n<p><\/p>\n\n\n\n<p><\/p>\n\n\n\n<p><\/p>\n\n\n\n<p><\/p>\n\n\n\n<p><\/p>\n\n\n\n<p><\/p>\n\n\n\n<p><\/p>\n\n\n<p>DE<\/p>\n<p>Die Maske ist gefallen. Ich kehrte zur Krise der Heimat und Zugeh\u00f6rigkeit zur\u00fcck. Die Maske ist gefallen, und all meine k\u00fcnstlerischen und literarischen Werke gerieten in den Zustand der \u00dcbertreibung. Hier ist eine wei\u00dfe Seite, alles ist verloren und geht verloren.<\/p>\n<p style=\"text-align: left;\">EN<\/p>\n<p style=\"text-align: left;\">The mask has fallen. I returned to the crisis of homeland and belonging. The mask has fallen, and all my artistic and literary works entered a state of exaggeration. Here is a blank page, everything is lost and is being lost.<\/p>\n<p>FR<\/p>\n<p>Le masque est tomb\u00e9. Je suis revenu \u00e0 la crise de la patrie et de l&#8217;appartenance. Le masque est tomb\u00e9, et toutes mes \u0153uvres artistiques et litt\u00e9raires sont entr\u00e9es dans un \u00e9tat d&#8217;exag\u00e9ration. Voici une page blanche, tout est perdu et se perd.<\/p>\n<p>AR<\/p>\n<p>\u0633\u0642\u0637 \u0627\u0644\u0642\u0646\u0627\u0639\u060c \u0648\u0639\u062f\u062a \u0625\u0644\u0649 \u0623\u0632\u0645\u0629 \u0627\u0644\u0648\u0637\u0646 \u0648\u0627\u0644\u0627\u0646\u062a\u0645\u0627\u0621<br \/>\u0633\u0642\u0637 \u0627\u0644\u0642\u0646\u0627\u0639\u060c \u0648\u062c\u0645\u064a\u0639 \u0623\u0639\u0645\u0627\u0644\u064a \u0627\u0644\u0641\u0646\u064a\u0629 \u0648\u0627\u0644\u0623\u062f\u0628\u064a\u0629 \u062f\u062e\u0644\u062a \u062d\u0627\u0644\u0629 \u0627\u0644\u0645\u0628\u0627\u0644\u063a\u0629<br \/>\u0647\u0646\u0627 \u0635\u0641\u062d\u0629 \u0628\u064a\u0636\u0627\u0621\u060c \u0644\u0643\u0644 \u0634\u064a\u0621 \u0636\u0627\u0639 \u0648\u064a\u0636\u064a\u0639<\/p>\n<p style=\"text-align: center;\">\u00a0<\/p>\n\n\n<p><\/p>\n","protected":false},"excerpt":{"rendered":"<p>Osama Salti&nbsp; _&nbsp; cartoonist &#8211; architect&nbsp; &nbsp; _ Germany \u0623\u0633\u0627\u0645\u0647 \u0627\u0644\u0633\u0644\u0637\u064a&nbsp; _&nbsp; \u0643\u0627\u0631\u062a\u0648\u0646\u064a\u0633\u062a &#8211; \u0645\u0647\u0646\u062f\u0633 \u0645\u0639\u0645\u0627\u0631&nbsp; &nbsp; &nbsp;_ \u0623\u0644\u0645\u0627\u0646\u064a\u0627 &nbsp;Mail:&nbsp; &nbsp; &nbsp; osama&nbsp; &nbsp;@&nbsp; &nbsp;osamasalti&nbsp; &nbsp;.com DE Die Maske ist gefallen. Ich kehrte zur Krise der Heimat und Zugeh\u00f6rigkeit zur\u00fcck. Die Maske ist gefallen, und all meine k\u00fcnstlerischen und literarischen Werke gerieten in den Zustand [&hellip;]<\/p>\n","protected":false},"author":1,"featured_media":0,"parent":0,"menu_order":0,"comment_status":"closed","ping_status":"open","template":"blank","meta":{"jetpack_post_was_ever_published":false,"footnotes":""},"class_list":["post-2","page","type-page","status-publish","hentry"],"aioseo_notices":[],"jetpack_shortlink":"https:\/\/wp.me\/P16aTn-2","jetpack_sharing_enabled":false,"_links":{"self":[{"href":"https:\/\/www.osamasalti.com\/index.php?rest_route=\/wp\/v2\/pages\/2","targetHints":{"allow":["GET"]}}],"collection":[{"href":"https:\/\/www.osamasalti.com\/index.php?rest_route=\/wp\/v2\/pages"}],"about":[{"href":"https:\/\/www.osamasalti.com\/index.php?rest_route=\/wp\/v2\/types\/page"}],"author":[{"embeddable":true,"href":"https:\/\/www.osamasalti.com\/index.php?rest_route=\/wp\/v2\/users\/1"}],"replies":[{"embeddable":true,"href":"https:\/\/www.osamasalti.com\/index.php?rest_route=%2Fwp%2Fv2%2Fcomments&post=2"}],"version-history":[{"count":51,"href":"https:\/\/www.osamasalti.com\/index.php?rest_route=\/wp\/v2\/pages\/2\/revisions"}],"predecessor-version":[{"id":3565,"href":"https:\/\/www.osamasalti.com\/index.php?rest_route=\/wp\/v2\/pages\/2\/revisions\/3565"}],"wp:attachment":[{"href":"https:\/\/www.osamasalti.com\/index.php?rest_route=%2Fwp%2Fv2%2Fmedia&parent=2"}],"curies":[{"name":"wp","href":"https:\/\/api.w.org\/{rel}","templated":true}]}}